{"id":6614,"date":"2026-05-05T08:46:18","date_gmt":"2026-05-05T07:46:18","guid":{"rendered":"https:\/\/sevokitchen.com\/product\/%d8%b7%d9%82%d9%85-%d8%b7%d9%86%d8%a7%d8%ac%d8%b1-%d8%ba%d8%b1%d8%a7%d9%86%d9%8a%d8%aa-%d8%a7%d8%b3%d9%88%d8%af-%d9%81%d8%a7%d8%ae%d8%b1\/"},"modified":"2026-05-05T09:03:25","modified_gmt":"2026-05-05T08:03:25","slug":"luxurioeses-schwarzes-granit-kochtopf-set","status":"publish","type":"product","link":"https:\/\/sevokitchen.com\/de\/product\/luxurioeses-schwarzes-granit-kochtopf-set\/","title":{"rendered":"Luxuri\u00f6ses Schwarzes Granit Kochtopf Set"},"content":{"rendered":"<p>Verbessern Sie Ihr Kocherlebnis mit diesem hochwertigen Set aus Qualit\u00e4tsgranit innen und au\u00dfen, das eine ideale W\u00e4rmeverteilung und hervorragende Kochergebnisse bei jeder Anwendung bietet.<\/p>\n<p>Ein modernes und elegantes schwarz gesprenkeltes Design, mit transparenten Glasdeckeln zur einfachen Kontrolle des Kochvorgangs und praktischen, komfortablen Griffen f\u00fcr den t\u00e4glichen Gebrauch.<\/p>\n<p>\ud83c\udf73 Antihaftbeschichtung<br \/>\n\ud83d\udd25 Gleichm\u00e4\u00dfige W\u00e4rmeverteilung<br \/>\n\ud83e\uddfc Leicht zu reinigen<br \/>\n\u2728 Luxuri\u00f6ses Design, das Ihre K\u00fcche versch\u00f6nert<\/p>\n<p>Das Set wird mit zwei Stoff Topflappen geliefert, um Ihre H\u00e4nde zu sch\u00fctzen und eine sichere und komfortable Nutzung zu erm\u00f6glichen.<\/p>\n<p>Gesamtgewicht: 10,8 kg<\/p>\n<p>Gr\u00f6\u00dfen:<\/p>\n<ul>\n<li>Gro\u00dfer Topf: 32 cm, Gewicht 2,5 kg<\/li>\n<li>Mittlerer Topf: 28 cm, Gewicht 1,8 kg<\/li>\n<li>Kleinerer Topf: 24 cm, Gewicht 1,4 kg<\/li>\n<li>Kleiner Topf: 20 cm, Gewicht 1,1 kg<\/li>\n<li>Bratpfanne: 28 cm, Gewicht 1,9 kg<\/li>\n<\/ul>\n","protected":false},"excerpt":{"rendered":"<p>Verbessern Sie Ihr Kocherlebnis mit diesem hochwertigen Set aus Qualit\u00e4tsgranit innen und au\u00dfen, das eine ideale W\u00e4rmeverteilung und hervorragende Kochergebnisse bei jeder Anwendung bietet. Ein modernes und elegantes schwarz gesprenkeltes Design, mit transparenten Glasdeckeln zur einfachen Kontrolle des Kochvorgangs und praktischen, komfortablen Griffen f\u00fcr den t\u00e4glichen Gebrauch. \ud83c\udf73 Antihaftbeschichtung \ud83d\udd25 Gleichm\u00e4\u00dfige W\u00e4rmeverteilung \ud83e\uddfc Leicht zu [&hellip;]<\/p>\n","protected":false},"featured_media":6596,"comment_status":"closed","ping_status":"closed","template":"","meta":[],"product_brand":[],"product_cat":[120],"product_tag":[],"class_list":{"0":"post-6614","1":"product","2":"type-product","3":"status-publish","4":"has-post-thumbnail","6":"product_cat-kitchen-tools","8":"first","9":"instock","10":"taxable","11":"shipping-taxable","12":"purchasable","13":"product-type-simple"},"composite_virtual":false,"composite_layout":"","composite_add_to_cart_form_location":"","composite_editable_in_cart":false,"composite_sold_individually_context":"","composite_shop_price_calc":"","composite_components":[],"composite_scenarios":[],"_links":{"self":[{"href":"https:\/\/sevokitchen.com\/de\/wp-json\/wp\/v2\/product\/6614","targetHints":{"allow":["GET"]}}],"collection":[{"href":"https:\/\/sevokitchen.com\/de\/wp-json\/wp\/v2\/product"}],"about":[{"href":"https:\/\/sevokitchen.com\/de\/wp-json\/wp\/v2\/types\/product"}],"replies":[{"embeddable":true,"href":"https:\/\/sevokitchen.com\/de\/wp-json\/wp\/v2\/comments?post=6614"}],"wp:featuredmedia":[{"embeddable":true,"href":"https:\/\/sevokitchen.com\/de\/wp-json\/wp\/v2\/media\/6596"}],"wp:attachment":[{"href":"https:\/\/sevokitchen.com\/de\/wp-json\/wp\/v2\/media?parent=6614"}],"wp:term":[{"taxonomy":"product_brand","embeddable":true,"href":"https:\/\/sevokitchen.com\/de\/wp-json\/wp\/v2\/product_brand?post=6614"},{"taxonomy":"product_cat","embeddable":true,"href":"https:\/\/sevokitchen.com\/de\/wp-json\/wp\/v2\/product_cat?post=6614"},{"taxonomy":"product_tag","embeddable":true,"href":"https:\/\/sevokitchen.com\/de\/wp-json\/wp\/v2\/product_tag?post=6614"}],"curies":[{"name":"wp","href":"https:\/\/api.w.org\/{rel}","templated":true}]}}