{"id":6529,"date":"2026-05-05T04:15:13","date_gmt":"2026-05-05T03:15:13","guid":{"rendered":"https:\/\/sevokitchen.com\/product\/%d8%b1%d9%83%d9%88%d8%a9-%d9%83%d9%88%d8%a8%d8%b1%d8%a7-%d8%a7%d9%84%d8%af%d9%87%d8%a8%d9%8a%d8%a9\/"},"modified":"2026-05-05T04:45:03","modified_gmt":"2026-05-05T03:45:03","slug":"goldene-cobra-kaffeekanne","status":"publish","type":"product","link":"https:\/\/sevokitchen.com\/de\/product\/goldene-cobra-kaffeekanne\/","title":{"rendered":"Goldene Cobra Kaffeekanne"},"content":{"rendered":"<p>Eine luxuri\u00f6se Kaffeekanne mit einem eleganten Design, das authentischen orientalischen Charakter mit einer edlen modernen Note verbindet. Hergestellt aus hochwertigen Materialien mit detaillierten dekorativen Mustern und einem gl\u00e4nzenden Rand, der ein Gef\u00fchl von Luxus verleiht, sowie einem komfortablen Holzgriff f\u00fcr eine sichere Nutzung. Sie bietet Ihnen ein perfektes Kaffeezubereitungserlebnis, ob f\u00fcr den t\u00e4glichen Gebrauch oder f\u00fcr stilvolle Gastfreundschaft.<\/p>\n","protected":false},"excerpt":{"rendered":"<p>Eine luxuri\u00f6se Kaffeekanne mit einem eleganten Design, das authentischen orientalischen Charakter mit einer edlen modernen Note verbindet. Hergestellt aus hochwertigen Materialien mit detaillierten dekorativen Mustern und einem gl\u00e4nzenden Rand, der ein Gef\u00fchl von Luxus verleiht, sowie einem komfortablen Holzgriff f\u00fcr eine sichere Nutzung. Sie bietet Ihnen ein perfektes Kaffeezubereitungserlebnis, ob f\u00fcr den t\u00e4glichen Gebrauch oder [&hellip;]<\/p>\n","protected":false},"featured_media":6518,"comment_status":"closed","ping_status":"closed","template":"","meta":[],"product_brand":[],"product_cat":[118],"product_tag":[],"class_list":{"0":"post-6529","1":"product","2":"type-product","3":"status-publish","4":"has-post-thumbnail","6":"product_cat-coffee-equipment","8":"first","9":"instock","10":"taxable","11":"shipping-taxable","12":"purchasable","13":"product-type-variable"},"composite_virtual":false,"composite_layout":"","composite_add_to_cart_form_location":"","composite_editable_in_cart":false,"composite_sold_individually_context":"","composite_shop_price_calc":"","composite_components":[],"composite_scenarios":[],"_links":{"self":[{"href":"https:\/\/sevokitchen.com\/de\/wp-json\/wp\/v2\/product\/6529","targetHints":{"allow":["GET"]}}],"collection":[{"href":"https:\/\/sevokitchen.com\/de\/wp-json\/wp\/v2\/product"}],"about":[{"href":"https:\/\/sevokitchen.com\/de\/wp-json\/wp\/v2\/types\/product"}],"replies":[{"embeddable":true,"href":"https:\/\/sevokitchen.com\/de\/wp-json\/wp\/v2\/comments?post=6529"}],"wp:featuredmedia":[{"embeddable":true,"href":"https:\/\/sevokitchen.com\/de\/wp-json\/wp\/v2\/media\/6518"}],"wp:attachment":[{"href":"https:\/\/sevokitchen.com\/de\/wp-json\/wp\/v2\/media?parent=6529"}],"wp:term":[{"taxonomy":"product_brand","embeddable":true,"href":"https:\/\/sevokitchen.com\/de\/wp-json\/wp\/v2\/product_brand?post=6529"},{"taxonomy":"product_cat","embeddable":true,"href":"https:\/\/sevokitchen.com\/de\/wp-json\/wp\/v2\/product_cat?post=6529"},{"taxonomy":"product_tag","embeddable":true,"href":"https:\/\/sevokitchen.com\/de\/wp-json\/wp\/v2\/product_tag?post=6529"}],"curies":[{"name":"wp","href":"https:\/\/api.w.org\/{rel}","templated":true}]}}