{"id":6441,"date":"2026-05-03T08:47:03","date_gmt":"2026-05-03T07:47:03","guid":{"rendered":"https:\/\/sevokitchen.com\/product\/%d8%b5%d9%8a%d9%86%d9%8a%d8%a9-%d8%a7%d9%84%d9%85%d8%b1%d8%a7%d9%8a%d8%a7-%d8%a7%d9%84%d8%b0%d9%87%d8%a8%d9%8a%d8%a9\/"},"modified":"2026-05-04T06:41:54","modified_gmt":"2026-05-04T05:41:54","slug":"goldenes-spiegel-tablett","status":"publish","type":"product","link":"https:\/\/sevokitchen.com\/de\/product\/goldenes-spiegel-tablett\/","title":{"rendered":"Goldenes Spiegel-Tablett"},"content":{"rendered":"<p>Ein elegantes Tablett mit einem luxuri\u00f6sen Design, das Spiegelelemente mit edlen goldenen Akzenten kombiniert und jedem Serviertisch eine besondere Eleganz verleiht. Mit einem Durchmesser von 35 cm hat es die ideale Gr\u00f6\u00dfe zum Servieren von Kaffee, Getr\u00e4nken oder zum stilvollen Dekorieren. Die feinen Details und der Glanz reflektieren das Licht auf wundersch\u00f6ne Weise und machen es zu einem besonderen Blickfang in jedem Zuhause.<\/p>\n<ul>\n<li>Gewicht: 1.5 kg<\/li>\n<\/ul>\n","protected":false},"excerpt":{"rendered":"<p>Ein elegantes Tablett mit einem luxuri\u00f6sen Design, das Spiegelelemente mit edlen goldenen Akzenten kombiniert und jedem Serviertisch eine besondere Eleganz verleiht. Mit einem Durchmesser von 35 cm hat es die ideale Gr\u00f6\u00dfe zum Servieren von Kaffee, Getr\u00e4nken oder zum stilvollen Dekorieren. Die feinen Details und der Glanz reflektieren das Licht auf wundersch\u00f6ne Weise und machen [&hellip;]<\/p>\n","protected":false},"featured_media":6427,"comment_status":"closed","ping_status":"closed","template":"","meta":[],"product_brand":[],"product_cat":[171],"product_tag":[],"class_list":{"0":"post-6441","1":"product","2":"type-product","3":"status-publish","4":"has-post-thumbnail","6":"product_cat-haushaltswaren","8":"first","9":"instock","10":"taxable","11":"shipping-taxable","12":"purchasable","13":"product-type-simple"},"composite_virtual":false,"composite_layout":"","composite_add_to_cart_form_location":"","composite_editable_in_cart":false,"composite_sold_individually_context":"","composite_shop_price_calc":"","composite_components":[],"composite_scenarios":[],"_links":{"self":[{"href":"https:\/\/sevokitchen.com\/de\/wp-json\/wp\/v2\/product\/6441","targetHints":{"allow":["GET"]}}],"collection":[{"href":"https:\/\/sevokitchen.com\/de\/wp-json\/wp\/v2\/product"}],"about":[{"href":"https:\/\/sevokitchen.com\/de\/wp-json\/wp\/v2\/types\/product"}],"replies":[{"embeddable":true,"href":"https:\/\/sevokitchen.com\/de\/wp-json\/wp\/v2\/comments?post=6441"}],"wp:featuredmedia":[{"embeddable":true,"href":"https:\/\/sevokitchen.com\/de\/wp-json\/wp\/v2\/media\/6427"}],"wp:attachment":[{"href":"https:\/\/sevokitchen.com\/de\/wp-json\/wp\/v2\/media?parent=6441"}],"wp:term":[{"taxonomy":"product_brand","embeddable":true,"href":"https:\/\/sevokitchen.com\/de\/wp-json\/wp\/v2\/product_brand?post=6441"},{"taxonomy":"product_cat","embeddable":true,"href":"https:\/\/sevokitchen.com\/de\/wp-json\/wp\/v2\/product_cat?post=6441"},{"taxonomy":"product_tag","embeddable":true,"href":"https:\/\/sevokitchen.com\/de\/wp-json\/wp\/v2\/product_tag?post=6441"}],"curies":[{"name":"wp","href":"https:\/\/api.w.org\/{rel}","templated":true}]}}