{"id":6439,"date":"2026-05-03T08:42:48","date_gmt":"2026-05-03T07:42:48","guid":{"rendered":"https:\/\/sevokitchen.com\/product\/%d9%83%d8%a7%d8%b3%d8%a7%d8%aa-%d8%b3%d9%8a%d9%84%d9%81%d8%b1-%d9%84%d9%88%d9%83%d8%b3\/"},"modified":"2026-05-04T07:08:52","modified_gmt":"2026-05-04T06:08:52","slug":"silver-luxe-brillen","status":"publish","type":"product","link":"https:\/\/sevokitchen.com\/de\/product\/silver-luxe-brillen\/","title":{"rendered":"Silver Luxe Brillen"},"content":{"rendered":"<p>Elegante Gl\u00e4ser mit einem edlen Design und einer luxuri\u00f6sen silbernen Note, die das Licht wundersch\u00f6n reflektiert und die Pr\u00e4sentation besonders hervorhebt. Die feinen Details und die besondere Form vermitteln zugleich ein Gef\u00fchl von Luxus und Schlichtheit. Perfekt f\u00fcr kalte Getr\u00e4nke und stilvolle Gastfreundschaft, die sofort ins Auge f\u00e4llt.<\/p>\n<ul>\n<li>Fassungsverm\u00f6gen: 250 ml<\/li>\n<li>Gewicht: 2,300 kg<\/li>\n<\/ul>\n","protected":false},"excerpt":{"rendered":"<p>Elegante Gl\u00e4ser mit einem edlen Design und einer luxuri\u00f6sen silbernen Note, die das Licht wundersch\u00f6n reflektiert und die Pr\u00e4sentation besonders hervorhebt. Die feinen Details und die besondere Form vermitteln zugleich ein Gef\u00fchl von Luxus und Schlichtheit. Perfekt f\u00fcr kalte Getr\u00e4nke und stilvolle Gastfreundschaft, die sofort ins Auge f\u00e4llt. Fassungsverm\u00f6gen: 250 ml Gewicht: 2,300 kg<\/p>\n","protected":false},"featured_media":6415,"comment_status":"closed","ping_status":"closed","template":"","meta":[],"product_brand":[],"product_cat":[171],"product_tag":[],"class_list":{"0":"post-6439","1":"product","2":"type-product","3":"status-publish","4":"has-post-thumbnail","6":"product_cat-haushaltswaren","8":"first","9":"instock","10":"taxable","11":"shipping-taxable","12":"purchasable","13":"product-type-simple"},"composite_virtual":false,"composite_layout":"","composite_add_to_cart_form_location":"","composite_editable_in_cart":false,"composite_sold_individually_context":"","composite_shop_price_calc":"","composite_components":[],"composite_scenarios":[],"_links":{"self":[{"href":"https:\/\/sevokitchen.com\/de\/wp-json\/wp\/v2\/product\/6439","targetHints":{"allow":["GET"]}}],"collection":[{"href":"https:\/\/sevokitchen.com\/de\/wp-json\/wp\/v2\/product"}],"about":[{"href":"https:\/\/sevokitchen.com\/de\/wp-json\/wp\/v2\/types\/product"}],"replies":[{"embeddable":true,"href":"https:\/\/sevokitchen.com\/de\/wp-json\/wp\/v2\/comments?post=6439"}],"wp:featuredmedia":[{"embeddable":true,"href":"https:\/\/sevokitchen.com\/de\/wp-json\/wp\/v2\/media\/6415"}],"wp:attachment":[{"href":"https:\/\/sevokitchen.com\/de\/wp-json\/wp\/v2\/media?parent=6439"}],"wp:term":[{"taxonomy":"product_brand","embeddable":true,"href":"https:\/\/sevokitchen.com\/de\/wp-json\/wp\/v2\/product_brand?post=6439"},{"taxonomy":"product_cat","embeddable":true,"href":"https:\/\/sevokitchen.com\/de\/wp-json\/wp\/v2\/product_cat?post=6439"},{"taxonomy":"product_tag","embeddable":true,"href":"https:\/\/sevokitchen.com\/de\/wp-json\/wp\/v2\/product_tag?post=6439"}],"curies":[{"name":"wp","href":"https:\/\/api.w.org\/{rel}","templated":true}]}}