{"id":6438,"date":"2026-05-03T08:35:05","date_gmt":"2026-05-03T07:35:05","guid":{"rendered":"https:\/\/sevokitchen.com\/product\/%d9%83%d8%a7%d8%b3%d8%a7%d8%aa-%d8%a7%d9%84%d8%b9%d9%86%d8%a8%d8%b1-%d8%a7%d9%84%d9%83%d9%84%d8%a7%d8%b3%d9%8a%d9%83%d9%8a%d8%a9\/"},"modified":"2026-05-04T07:09:12","modified_gmt":"2026-05-04T06:09:12","slug":"amber-classic-glaeser","status":"publish","type":"product","link":"https:\/\/sevokitchen.com\/de\/product\/amber-classic-glaeser\/","title":{"rendered":"Amber Classic Gl\u00e4ser"},"content":{"rendered":"<p>Warme bernsteinfarbene Gl\u00e4ser mit einem eleganten klassischen Design und einem dezenten Muster im oberen Bereich, das das Licht wundersch\u00f6n reflektiert. Die feinen Details und der sanfte Glanz vermitteln zugleich ein Gef\u00fchl von Luxus und Schlichtheit. Perfekt f\u00fcr S\u00e4fte und kalte Getr\u00e4nke, geeignet f\u00fcr den t\u00e4glichen Empfang von G\u00e4sten und als edler Akzent auf jedem Tisch.<\/p>\n<ul>\n<li>Fassungsverm\u00f6gen: 300 ml<\/li>\n<li>Gewicht: 2,150 kg<\/li>\n<\/ul>\n","protected":false},"excerpt":{"rendered":"<p>Warme bernsteinfarbene Gl\u00e4ser mit einem eleganten klassischen Design und einem dezenten Muster im oberen Bereich, das das Licht wundersch\u00f6n reflektiert. Die feinen Details und der sanfte Glanz vermitteln zugleich ein Gef\u00fchl von Luxus und Schlichtheit. Perfekt f\u00fcr S\u00e4fte und kalte Getr\u00e4nke, geeignet f\u00fcr den t\u00e4glichen Empfang von G\u00e4sten und als edler Akzent auf jedem Tisch. [&hellip;]<\/p>\n","protected":false},"featured_media":6411,"comment_status":"closed","ping_status":"closed","template":"","meta":[],"product_brand":[],"product_cat":[171],"product_tag":[],"class_list":{"0":"post-6438","1":"product","2":"type-product","3":"status-publish","4":"has-post-thumbnail","6":"product_cat-haushaltswaren","8":"first","9":"instock","10":"taxable","11":"shipping-taxable","12":"purchasable","13":"product-type-simple"},"composite_virtual":false,"composite_layout":"","composite_add_to_cart_form_location":"","composite_editable_in_cart":false,"composite_sold_individually_context":"","composite_shop_price_calc":"","composite_components":[],"composite_scenarios":[],"_links":{"self":[{"href":"https:\/\/sevokitchen.com\/de\/wp-json\/wp\/v2\/product\/6438","targetHints":{"allow":["GET"]}}],"collection":[{"href":"https:\/\/sevokitchen.com\/de\/wp-json\/wp\/v2\/product"}],"about":[{"href":"https:\/\/sevokitchen.com\/de\/wp-json\/wp\/v2\/types\/product"}],"replies":[{"embeddable":true,"href":"https:\/\/sevokitchen.com\/de\/wp-json\/wp\/v2\/comments?post=6438"}],"wp:featuredmedia":[{"embeddable":true,"href":"https:\/\/sevokitchen.com\/de\/wp-json\/wp\/v2\/media\/6411"}],"wp:attachment":[{"href":"https:\/\/sevokitchen.com\/de\/wp-json\/wp\/v2\/media?parent=6438"}],"wp:term":[{"taxonomy":"product_brand","embeddable":true,"href":"https:\/\/sevokitchen.com\/de\/wp-json\/wp\/v2\/product_brand?post=6438"},{"taxonomy":"product_cat","embeddable":true,"href":"https:\/\/sevokitchen.com\/de\/wp-json\/wp\/v2\/product_cat?post=6438"},{"taxonomy":"product_tag","embeddable":true,"href":"https:\/\/sevokitchen.com\/de\/wp-json\/wp\/v2\/product_tag?post=6438"}],"curies":[{"name":"wp","href":"https:\/\/api.w.org\/{rel}","templated":true}]}}