{"id":6436,"date":"2026-05-03T08:27:52","date_gmt":"2026-05-03T07:27:52","guid":{"rendered":"https:\/\/sevokitchen.com\/product\/%d8%b7%d9%86%d8%ac%d8%b1%d8%a9-%d8%a7%d9%84%d8%b9%d8%a7%d8%a6%d9%84%d8%a9\/"},"modified":"2026-05-04T07:10:02","modified_gmt":"2026-05-04T06:10:02","slug":"family-pot","status":"publish","type":"product","link":"https:\/\/sevokitchen.com\/de\/product\/family-pot\/","title":{"rendered":"Family Pot"},"content":{"rendered":"<p>Ein gro\u00dfer Topf mit einem Durchmesser von 40 cm und einem Fassungsverm\u00f6gen von 20 Litern, ideal f\u00fcr gro\u00dfe Familiengerichte und gro\u00dfe Mengen. Hergestellt aus hochwertigem Antihaft-Granit, mit ausgezeichneter W\u00e4rmeverteilung und gleichm\u00e4\u00dfigen Kochergebnissen. Geeignet f\u00fcr alle Herdarten: Gas, Elektro, Keramik und Induktion. Der Topf kann auch im Backofen verwendet werden. Ausgestattet mit einem praktischen Glasdeckel, um den Kochvorgang leicht zu beobachten.<\/p>\n<ul>\n<li>Gewicht: 4,400 kg<\/li>\n<\/ul>\n","protected":false},"excerpt":{"rendered":"<p>Ein gro\u00dfer Topf mit einem Durchmesser von 40 cm und einem Fassungsverm\u00f6gen von 20 Litern, ideal f\u00fcr gro\u00dfe Familiengerichte und gro\u00dfe Mengen. Hergestellt aus hochwertigem Antihaft-Granit, mit ausgezeichneter W\u00e4rmeverteilung und gleichm\u00e4\u00dfigen Kochergebnissen. Geeignet f\u00fcr alle Herdarten: Gas, Elektro, Keramik und Induktion. Der Topf kann auch im Backofen verwendet werden. Ausgestattet mit einem praktischen Glasdeckel, um [&hellip;]<\/p>\n","protected":false},"featured_media":6400,"comment_status":"closed","ping_status":"closed","template":"","meta":[],"product_brand":[],"product_cat":[120],"product_tag":[],"class_list":{"0":"post-6436","1":"product","2":"type-product","3":"status-publish","4":"has-post-thumbnail","6":"product_cat-kitchen-tools","8":"first","9":"instock","10":"taxable","11":"shipping-taxable","12":"purchasable","13":"product-type-simple"},"composite_virtual":false,"composite_layout":"","composite_add_to_cart_form_location":"","composite_editable_in_cart":false,"composite_sold_individually_context":"","composite_shop_price_calc":"","composite_components":[],"composite_scenarios":[],"_links":{"self":[{"href":"https:\/\/sevokitchen.com\/de\/wp-json\/wp\/v2\/product\/6436","targetHints":{"allow":["GET"]}}],"collection":[{"href":"https:\/\/sevokitchen.com\/de\/wp-json\/wp\/v2\/product"}],"about":[{"href":"https:\/\/sevokitchen.com\/de\/wp-json\/wp\/v2\/types\/product"}],"replies":[{"embeddable":true,"href":"https:\/\/sevokitchen.com\/de\/wp-json\/wp\/v2\/comments?post=6436"}],"wp:featuredmedia":[{"embeddable":true,"href":"https:\/\/sevokitchen.com\/de\/wp-json\/wp\/v2\/media\/6400"}],"wp:attachment":[{"href":"https:\/\/sevokitchen.com\/de\/wp-json\/wp\/v2\/media?parent=6436"}],"wp:term":[{"taxonomy":"product_brand","embeddable":true,"href":"https:\/\/sevokitchen.com\/de\/wp-json\/wp\/v2\/product_brand?post=6436"},{"taxonomy":"product_cat","embeddable":true,"href":"https:\/\/sevokitchen.com\/de\/wp-json\/wp\/v2\/product_cat?post=6436"},{"taxonomy":"product_tag","embeddable":true,"href":"https:\/\/sevokitchen.com\/de\/wp-json\/wp\/v2\/product_tag?post=6436"}],"curies":[{"name":"wp","href":"https:\/\/api.w.org\/{rel}","templated":true}]}}