{"id":6208,"date":"2026-05-01T07:50:54","date_gmt":"2026-05-01T06:50:54","guid":{"rendered":"https:\/\/sevokitchen.com\/product\/%d8%b7%d9%86%d8%ac%d8%b1%d8%a9-%d8%af%d9%8a%d9%88-%d8%b4%d9%8a%d9%81\/"},"modified":"2026-05-01T08:29:22","modified_gmt":"2026-05-01T07:29:22","slug":"duo-chef-topf","status":"publish","type":"product","link":"https:\/\/sevokitchen.com\/de\/product\/duo-chef-topf\/","title":{"rendered":"Duo Chef Topf"},"content":{"rendered":"<p data-start=\"25\" data-end=\"306\">Ein praktischer Topf mit intelligentem Design, der Eleganz und Funktionalit\u00e4t vereint. Er bietet dir zwei Kochm\u00f6glichkeiten in einem: einen normalen Deckel f\u00fcr den t\u00e4glichen Gebrauch und einen Tajine Deckel zur professionellen Zubereitung aromatischer Gerichte. Die Innenseite ist aus hochwertigem Granit gefertigt, f\u00fcr eine gleichm\u00e4\u00dfige W\u00e4rmeverteilung und perfekte Ergebnisse bei jeder Anwendung.<\/p>\n<p data-start=\"446\" data-end=\"609\">Geeignet f\u00fcr alle Arten von Kochfeldern, einschlie\u00dflich Gas, Elektro, Induktion und Keramik. Damit ist er der ideale Begleiter f\u00fcr deine t\u00e4glichen Kochbed\u00fcrfnisse. Sein modernes Design und die attraktive Farbe verleihen deiner K\u00fcche eine besondere Note, w\u00e4hrend die praktische Leistung das Kochen besonders einfach und angenehm macht.<\/p>\n<ul>\n<li data-start=\"783\" data-end=\"802\">Gewicht: 3,5 kg<\/li>\n<\/ul>\n","protected":false},"excerpt":{"rendered":"<p>Ein praktischer Topf mit intelligentem Design, der Eleganz und Funktionalit\u00e4t vereint. Er bietet dir zwei Kochm\u00f6glichkeiten in einem: einen normalen Deckel f\u00fcr den t\u00e4glichen Gebrauch und einen Tajine Deckel zur professionellen Zubereitung aromatischer Gerichte. Die Innenseite ist aus hochwertigem Granit gefertigt, f\u00fcr eine gleichm\u00e4\u00dfige W\u00e4rmeverteilung und perfekte Ergebnisse bei jeder Anwendung. Geeignet f\u00fcr alle Arten [&hellip;]<\/p>\n","protected":false},"featured_media":6195,"comment_status":"closed","ping_status":"closed","template":"","meta":[],"product_brand":[],"product_cat":[120],"product_tag":[],"class_list":{"0":"post-6208","1":"product","2":"type-product","3":"status-publish","4":"has-post-thumbnail","6":"product_cat-kitchen-tools","8":"first","9":"instock","10":"taxable","11":"shipping-taxable","12":"purchasable","13":"product-type-simple"},"composite_virtual":false,"composite_layout":"","composite_add_to_cart_form_location":"","composite_editable_in_cart":false,"composite_sold_individually_context":"","composite_shop_price_calc":"","composite_components":[],"composite_scenarios":[],"_links":{"self":[{"href":"https:\/\/sevokitchen.com\/de\/wp-json\/wp\/v2\/product\/6208","targetHints":{"allow":["GET"]}}],"collection":[{"href":"https:\/\/sevokitchen.com\/de\/wp-json\/wp\/v2\/product"}],"about":[{"href":"https:\/\/sevokitchen.com\/de\/wp-json\/wp\/v2\/types\/product"}],"replies":[{"embeddable":true,"href":"https:\/\/sevokitchen.com\/de\/wp-json\/wp\/v2\/comments?post=6208"}],"wp:featuredmedia":[{"embeddable":true,"href":"https:\/\/sevokitchen.com\/de\/wp-json\/wp\/v2\/media\/6195"}],"wp:attachment":[{"href":"https:\/\/sevokitchen.com\/de\/wp-json\/wp\/v2\/media?parent=6208"}],"wp:term":[{"taxonomy":"product_brand","embeddable":true,"href":"https:\/\/sevokitchen.com\/de\/wp-json\/wp\/v2\/product_brand?post=6208"},{"taxonomy":"product_cat","embeddable":true,"href":"https:\/\/sevokitchen.com\/de\/wp-json\/wp\/v2\/product_cat?post=6208"},{"taxonomy":"product_tag","embeddable":true,"href":"https:\/\/sevokitchen.com\/de\/wp-json\/wp\/v2\/product_tag?post=6208"}],"curies":[{"name":"wp","href":"https:\/\/api.w.org\/{rel}","templated":true}]}}