{"id":6204,"date":"2026-05-01T07:41:52","date_gmt":"2026-05-01T06:41:52","guid":{"rendered":"https:\/\/sevokitchen.com\/product\/%d8%b1%d9%83%d9%88%d8%a9-%d8%b2%d8%ae%d8%b1%d9%81\/"},"modified":"2026-05-01T08:28:47","modified_gmt":"2026-05-01T07:28:47","slug":"zokhrof-kaffeekanne","status":"publish","type":"product","link":"https:\/\/sevokitchen.com\/de\/product\/zokhrof-kaffeekanne\/","title":{"rendered":"Zokhrof Kaffeekanne"},"content":{"rendered":"<p data-start=\"31\" data-end=\"297\">Eine elegante Kaffeekanne in Goldfarbe mit feinen blauen Verzierungen, die ihr einen luxuri\u00f6sen und besonderen Charakter verleihen. Das komfortable Design verf\u00fcgt \u00fcber einen praktischen Holzgriff und einen Deckel mit einem sch\u00f6nen Kristallakzent.<\/p>\n<p data-start=\"299\" data-end=\"433\" data-is-last-node=\"\" data-is-only-node=\"\">Ideal, um Kaffee elegant zuzubereiten und stilvoll zu servieren. Sie verleiht jeder K\u00fcche oder Servierecke eine sch\u00f6ne besondere Note.<\/p>\n","protected":false},"excerpt":{"rendered":"<p>Eine elegante Kaffeekanne in Goldfarbe mit feinen blauen Verzierungen, die ihr einen luxuri\u00f6sen und besonderen Charakter verleihen. Das komfortable Design verf\u00fcgt \u00fcber einen praktischen Holzgriff und einen Deckel mit einem sch\u00f6nen Kristallakzent. Ideal, um Kaffee elegant zuzubereiten und stilvoll zu servieren. Sie verleiht jeder K\u00fcche oder Servierecke eine sch\u00f6ne besondere Note.<\/p>\n","protected":false},"featured_media":6185,"comment_status":"closed","ping_status":"closed","template":"","meta":[],"product_brand":[],"product_cat":[118],"product_tag":[],"class_list":{"0":"post-6204","1":"product","2":"type-product","3":"status-publish","4":"has-post-thumbnail","6":"product_cat-coffee-equipment","8":"first","9":"instock","10":"taxable","11":"shipping-taxable","12":"purchasable","13":"product-type-variable"},"composite_virtual":false,"composite_layout":"","composite_add_to_cart_form_location":"","composite_editable_in_cart":false,"composite_sold_individually_context":"","composite_shop_price_calc":"","composite_components":[],"composite_scenarios":[],"_links":{"self":[{"href":"https:\/\/sevokitchen.com\/de\/wp-json\/wp\/v2\/product\/6204","targetHints":{"allow":["GET"]}}],"collection":[{"href":"https:\/\/sevokitchen.com\/de\/wp-json\/wp\/v2\/product"}],"about":[{"href":"https:\/\/sevokitchen.com\/de\/wp-json\/wp\/v2\/types\/product"}],"replies":[{"embeddable":true,"href":"https:\/\/sevokitchen.com\/de\/wp-json\/wp\/v2\/comments?post=6204"}],"wp:featuredmedia":[{"embeddable":true,"href":"https:\/\/sevokitchen.com\/de\/wp-json\/wp\/v2\/media\/6185"}],"wp:attachment":[{"href":"https:\/\/sevokitchen.com\/de\/wp-json\/wp\/v2\/media?parent=6204"}],"wp:term":[{"taxonomy":"product_brand","embeddable":true,"href":"https:\/\/sevokitchen.com\/de\/wp-json\/wp\/v2\/product_brand?post=6204"},{"taxonomy":"product_cat","embeddable":true,"href":"https:\/\/sevokitchen.com\/de\/wp-json\/wp\/v2\/product_cat?post=6204"},{"taxonomy":"product_tag","embeddable":true,"href":"https:\/\/sevokitchen.com\/de\/wp-json\/wp\/v2\/product_tag?post=6204"}],"curies":[{"name":"wp","href":"https:\/\/api.w.org\/{rel}","templated":true}]}}