{"id":5547,"date":"2026-04-03T11:27:16","date_gmt":"2026-04-03T10:27:16","guid":{"rendered":"https:\/\/sevokitchen.com\/product\/rawaq-box\/"},"modified":"2026-04-03T12:30:05","modified_gmt":"2026-04-03T11:30:05","slug":"rawaq-box","status":"publish","type":"product","link":"https:\/\/sevokitchen.com\/de\/product\/rawaq-box\/","title":{"rendered":"Rawaq Box: Bei 1 kg Kaffee + Rakwa erh\u00e4ltst du eine Packung N\u00fcsse gratis"},"content":{"rendered":"<p data-start=\"512\" data-end=\"629\">Wenn du einen entspannten Moment mit perfekt abgestimmten Details suchst, ist diese Box genau das Richtige f\u00fcr dich<\/p>\n<ol>\n<li data-start=\"631\" data-end=\"829\">Kaffee mit Kardamom mit ausgewogenem Geschmack<\/li>\n<li data-start=\"631\" data-end=\"829\">Orkidia Rakwa f\u00fcr ein luxuri\u00f6ses und m\u00fcheloses Zubereitungserlebnis<\/li>\n<li data-start=\"631\" data-end=\"829\">Und eine kostenlose Packung gesalzener N\u00fcsse, die den Moment perfekt abrundet<\/li>\n<\/ol>\n<p data-start=\"831\" data-end=\"935\">Unser Angebot ist einfach und klar<br data-start=\"865\" data-end=\"868\" \/>Kaufe 1 kg Kaffee mit einer Rakwa\u2026 und die N\u00fcsse gehen auf uns \ud83c\udf81<\/p>\n","protected":false},"excerpt":{"rendered":"<p>Kaufe 1 kg Kaffee mit einer Rakwa\u2026 und die N\u00fcsse gehen auf uns \ud83c\udf81<\/p>\n","protected":false},"featured_media":5562,"comment_status":"closed","ping_status":"closed","template":"","meta":[],"product_brand":[],"product_cat":[167],"product_tag":[],"class_list":{"0":"post-5547","1":"product","2":"type-product","3":"status-publish","4":"has-post-thumbnail","6":"product_cat-offers","8":"first","9":"instock","10":"taxable","11":"shipping-taxable","12":"purchasable","13":"product-type-simple"},"composite_virtual":false,"composite_layout":"","composite_add_to_cart_form_location":"","composite_editable_in_cart":false,"composite_sold_individually_context":"","composite_shop_price_calc":"","composite_components":[],"composite_scenarios":[],"_links":{"self":[{"href":"https:\/\/sevokitchen.com\/de\/wp-json\/wp\/v2\/product\/5547","targetHints":{"allow":["GET"]}}],"collection":[{"href":"https:\/\/sevokitchen.com\/de\/wp-json\/wp\/v2\/product"}],"about":[{"href":"https:\/\/sevokitchen.com\/de\/wp-json\/wp\/v2\/types\/product"}],"replies":[{"embeddable":true,"href":"https:\/\/sevokitchen.com\/de\/wp-json\/wp\/v2\/comments?post=5547"}],"wp:featuredmedia":[{"embeddable":true,"href":"https:\/\/sevokitchen.com\/de\/wp-json\/wp\/v2\/media\/5562"}],"wp:attachment":[{"href":"https:\/\/sevokitchen.com\/de\/wp-json\/wp\/v2\/media?parent=5547"}],"wp:term":[{"taxonomy":"product_brand","embeddable":true,"href":"https:\/\/sevokitchen.com\/de\/wp-json\/wp\/v2\/product_brand?post=5547"},{"taxonomy":"product_cat","embeddable":true,"href":"https:\/\/sevokitchen.com\/de\/wp-json\/wp\/v2\/product_cat?post=5547"},{"taxonomy":"product_tag","embeddable":true,"href":"https:\/\/sevokitchen.com\/de\/wp-json\/wp\/v2\/product_tag?post=5547"}],"curies":[{"name":"wp","href":"https:\/\/api.w.org\/{rel}","templated":true}]}}