{"id":5546,"date":"2026-04-03T11:33:32","date_gmt":"2026-04-03T10:33:32","guid":{"rendered":"https:\/\/sevokitchen.com\/product\/mazaj-box\/"},"modified":"2026-04-07T15:51:47","modified_gmt":"2026-04-07T14:51:47","slug":"mazaj-box","status":"publish","type":"product","link":"https:\/\/sevokitchen.com\/de\/product\/mazaj-box\/","title":{"rendered":"Mazaj Box: Bei 1 kg Kaffee + N\u00fcsse erh\u00e4ltst du 2 Aufbewahrungsgl\u00e4ser gratis"},"content":{"rendered":"<p data-start=\"460\" data-end=\"541\">F\u00fcr alle mit einem starken und klaren Geschmack\u2026 diese Box ist f\u00fcr dich gemacht<\/p>\n<ol>\n<li data-start=\"543\" data-end=\"718\">Kaffee mit Kardamom mit einem reichen und besonderen Geschmack<\/li>\n<li data-start=\"543\" data-end=\"718\">Und ger\u00e4ucherte N\u00fcsse, die dir ein v\u00f6llig anderes Geschmackserlebnis bieten<\/li>\n<\/ol>\n<p data-start=\"720\" data-end=\"834\">Und obendrauf<br data-start=\"733\" data-end=\"736\" \/>Bei jedem 1 kg Kaffee und einer Packung N\u00fcsse\u2026 erh\u00e4ltst du zwei Aufbewahrungsgl\u00e4ser kostenlos \ud83c\udf81<\/p>\n","protected":false},"excerpt":{"rendered":"<p>Bei jedem 1 kg Kaffee und einer Packung N\u00fcsse\u2026 erh\u00e4ltst du zwei Aufbewahrungsgl\u00e4ser kostenlos \ud83c\udf81<\/p>\n","protected":false},"featured_media":5559,"comment_status":"closed","ping_status":"closed","template":"","meta":[],"product_brand":[],"product_cat":[167],"product_tag":[],"class_list":{"0":"post-5546","1":"product","2":"type-product","3":"status-publish","4":"has-post-thumbnail","6":"product_cat-offers","8":"first","9":"instock","10":"taxable","11":"shipping-taxable","12":"purchasable","13":"product-type-simple"},"composite_virtual":false,"composite_layout":"","composite_add_to_cart_form_location":"","composite_editable_in_cart":false,"composite_sold_individually_context":"","composite_shop_price_calc":"","composite_components":[],"composite_scenarios":[],"_links":{"self":[{"href":"https:\/\/sevokitchen.com\/de\/wp-json\/wp\/v2\/product\/5546","targetHints":{"allow":["GET"]}}],"collection":[{"href":"https:\/\/sevokitchen.com\/de\/wp-json\/wp\/v2\/product"}],"about":[{"href":"https:\/\/sevokitchen.com\/de\/wp-json\/wp\/v2\/types\/product"}],"replies":[{"embeddable":true,"href":"https:\/\/sevokitchen.com\/de\/wp-json\/wp\/v2\/comments?post=5546"}],"wp:featuredmedia":[{"embeddable":true,"href":"https:\/\/sevokitchen.com\/de\/wp-json\/wp\/v2\/media\/5559"}],"wp:attachment":[{"href":"https:\/\/sevokitchen.com\/de\/wp-json\/wp\/v2\/media?parent=5546"}],"wp:term":[{"taxonomy":"product_brand","embeddable":true,"href":"https:\/\/sevokitchen.com\/de\/wp-json\/wp\/v2\/product_brand?post=5546"},{"taxonomy":"product_cat","embeddable":true,"href":"https:\/\/sevokitchen.com\/de\/wp-json\/wp\/v2\/product_cat?post=5546"},{"taxonomy":"product_tag","embeddable":true,"href":"https:\/\/sevokitchen.com\/de\/wp-json\/wp\/v2\/product_tag?post=5546"}],"curies":[{"name":"wp","href":"https:\/\/api.w.org\/{rel}","templated":true}]}}