{"id":5476,"date":"2026-03-30T13:32:09","date_gmt":"2026-03-30T12:32:09","guid":{"rendered":"https:\/\/sevokitchen.com\/product\/%d8%b7%d9%86%d8%ac%d8%b1%d8%a9-%d9%84%d9%84%d8%b7%d8%a8%d8%ae-%d8%a7%d9%84%d9%8a%d9%88%d9%85%d9%8a\/"},"modified":"2026-03-30T14:55:43","modified_gmt":"2026-03-30T13:55:43","slug":"topf-fuer-den-taeglichen-gebrauch","status":"publish","type":"product","link":"https:\/\/sevokitchen.com\/de\/product\/topf-fuer-den-taeglichen-gebrauch\/","title":{"rendered":"Topf f\u00fcr den t\u00e4glichen Gebrauch"},"content":{"rendered":"<p>Ein Gusseisentopf f\u00fcr den t\u00e4glichen Einsatz, von ausgezeichneter Qualit\u00e4t. Sehr komfortabel in der Anwendung, einfach zu benutzen und leicht zu reinigen. Mit einem Fassungsverm\u00f6gen von 4 Litern und einem eleganten Erscheinungsbild auf Ihrem Tisch.<\/p>\n<p> Gewicht: 5 kg <br \/> Fassungsverm\u00f6gen: 4 Liter \/ 24 cm<\/p>\n","protected":false},"excerpt":{"rendered":"<p>Ein Gusseisentopf f\u00fcr den t\u00e4glichen Einsatz, von ausgezeichneter Qualit\u00e4t. Sehr komfortabel in der Anwendung, einfach zu benutzen und leicht zu reinigen. Mit einem Fassungsverm\u00f6gen von 4 Litern und einem eleganten Erscheinungsbild auf Ihrem Tisch.<\/p>\n","protected":false},"featured_media":5464,"comment_status":"closed","ping_status":"closed","template":"","meta":[],"product_brand":[],"product_cat":[120],"product_tag":[],"class_list":{"0":"post-5476","1":"product","2":"type-product","3":"status-publish","4":"has-post-thumbnail","6":"product_cat-kitchen-tools","8":"first","9":"instock","10":"sale","11":"taxable","12":"shipping-taxable","13":"purchasable","14":"product-type-simple"},"composite_virtual":false,"composite_layout":"","composite_add_to_cart_form_location":"","composite_editable_in_cart":false,"composite_sold_individually_context":"","composite_shop_price_calc":"","composite_components":[],"composite_scenarios":[],"_links":{"self":[{"href":"https:\/\/sevokitchen.com\/de\/wp-json\/wp\/v2\/product\/5476","targetHints":{"allow":["GET"]}}],"collection":[{"href":"https:\/\/sevokitchen.com\/de\/wp-json\/wp\/v2\/product"}],"about":[{"href":"https:\/\/sevokitchen.com\/de\/wp-json\/wp\/v2\/types\/product"}],"replies":[{"embeddable":true,"href":"https:\/\/sevokitchen.com\/de\/wp-json\/wp\/v2\/comments?post=5476"}],"wp:featuredmedia":[{"embeddable":true,"href":"https:\/\/sevokitchen.com\/de\/wp-json\/wp\/v2\/media\/5464"}],"wp:attachment":[{"href":"https:\/\/sevokitchen.com\/de\/wp-json\/wp\/v2\/media?parent=5476"}],"wp:term":[{"taxonomy":"product_brand","embeddable":true,"href":"https:\/\/sevokitchen.com\/de\/wp-json\/wp\/v2\/product_brand?post=5476"},{"taxonomy":"product_cat","embeddable":true,"href":"https:\/\/sevokitchen.com\/de\/wp-json\/wp\/v2\/product_cat?post=5476"},{"taxonomy":"product_tag","embeddable":true,"href":"https:\/\/sevokitchen.com\/de\/wp-json\/wp\/v2\/product_tag?post=5476"}],"curies":[{"name":"wp","href":"https:\/\/api.w.org\/{rel}","templated":true}]}}