{"id":5472,"date":"2026-03-30T14:17:23","date_gmt":"2026-03-30T13:17:23","guid":{"rendered":"https:\/\/sevokitchen.com\/product\/%d8%b7%d9%86%d8%ac%d8%b1%d8%a9-%d9%85%d8%b9-%d9%85%d9%82%d8%a8%d8%b6\/"},"modified":"2026-03-30T14:54:19","modified_gmt":"2026-03-30T13:54:19","slug":"stieltopf-mit-griff","status":"publish","type":"product","link":"https:\/\/sevokitchen.com\/de\/product\/stieltopf-mit-griff\/","title":{"rendered":"Stieltopf mit Griff"},"content":{"rendered":"<p>Ein kompakter Topf mit einem Fassungsverm\u00f6gen von 1,85 Litern, ausgestattet mit einem komfortablen Griff f\u00fcr eine einfache Handhabung. Hervorragende Qualit\u00e4t und leicht zu reinigen.<\/p>\n<p> Gewicht: 3,05 kg <br \/> Fassungsverm\u00f6gen: 1,85 Liter \/ 19 cm<\/p>\n","protected":false},"excerpt":{"rendered":"<p>Ein kompakter Topf mit einem Fassungsverm\u00f6gen von 1,85 Litern, ausgestattet mit einem komfortablen Griff f\u00fcr eine einfache Handhabung. Hervorragende Qualit\u00e4t und leicht zu reinigen.<\/p>\n","protected":false},"featured_media":5455,"comment_status":"closed","ping_status":"closed","template":"","meta":[],"product_brand":[],"product_cat":[120],"product_tag":[],"class_list":{"0":"post-5472","1":"product","2":"type-product","3":"status-publish","4":"has-post-thumbnail","6":"product_cat-kitchen-tools","8":"first","9":"instock","10":"sale","11":"taxable","12":"shipping-taxable","13":"purchasable","14":"product-type-simple"},"composite_virtual":false,"composite_layout":"","composite_add_to_cart_form_location":"","composite_editable_in_cart":false,"composite_sold_individually_context":"","composite_shop_price_calc":"","composite_components":[],"composite_scenarios":[],"_links":{"self":[{"href":"https:\/\/sevokitchen.com\/de\/wp-json\/wp\/v2\/product\/5472","targetHints":{"allow":["GET"]}}],"collection":[{"href":"https:\/\/sevokitchen.com\/de\/wp-json\/wp\/v2\/product"}],"about":[{"href":"https:\/\/sevokitchen.com\/de\/wp-json\/wp\/v2\/types\/product"}],"replies":[{"embeddable":true,"href":"https:\/\/sevokitchen.com\/de\/wp-json\/wp\/v2\/comments?post=5472"}],"wp:featuredmedia":[{"embeddable":true,"href":"https:\/\/sevokitchen.com\/de\/wp-json\/wp\/v2\/media\/5455"}],"wp:attachment":[{"href":"https:\/\/sevokitchen.com\/de\/wp-json\/wp\/v2\/media?parent=5472"}],"wp:term":[{"taxonomy":"product_brand","embeddable":true,"href":"https:\/\/sevokitchen.com\/de\/wp-json\/wp\/v2\/product_brand?post=5472"},{"taxonomy":"product_cat","embeddable":true,"href":"https:\/\/sevokitchen.com\/de\/wp-json\/wp\/v2\/product_cat?post=5472"},{"taxonomy":"product_tag","embeddable":true,"href":"https:\/\/sevokitchen.com\/de\/wp-json\/wp\/v2\/product_tag?post=5472"}],"curies":[{"name":"wp","href":"https:\/\/api.w.org\/{rel}","templated":true}]}}