{"id":5471,"date":"2026-03-30T14:19:23","date_gmt":"2026-03-30T13:19:23","guid":{"rendered":"https:\/\/sevokitchen.com\/product\/%d8%a7%d9%84%d8%b7%d9%86%d8%ac%d8%b1%d8%a9-%d8%a7%d9%84%d9%85%d8%b3%d8%b7%d8%ad%d8%a9-%d9%83%d8%a7%d8%b3%d8%aa-%d8%a7%d9%8a%d8%b1%d9%88%d9%86\/"},"modified":"2026-03-30T14:58:50","modified_gmt":"2026-03-30T13:58:50","slug":"flache-gusseisenpfanne","status":"publish","type":"product","link":"https:\/\/sevokitchen.com\/de\/product\/flache-gusseisenpfanne\/","title":{"rendered":"Flache Gusseisenpfanne"},"content":{"rendered":"<p>Eine flache Pfanne mit einem Durchmesser von 30 cm, ideal f\u00fcr die Zubereitung von Fleischgerichten mit Sauce und sautiertem Gem\u00fcse. Sie \u00fcberzeugt durch ihr elegantes Servierdesign sowie ihre komfortable Handhabung und einfache Reinigung.<br \/>\n<br \/> Gewicht: 5,60 kg <br \/> Fassungsverm\u00f6gen: 3,5 Liter \/ 30 cm<\/p>\n","protected":false},"excerpt":{"rendered":"<p>Eine flache Pfanne mit einem Durchmesser von 30 cm, ideal f\u00fcr die Zubereitung von Fleischgerichten mit Sauce und sautiertem Gem\u00fcse. Sie \u00fcberzeugt durch ihr elegantes Servierdesign sowie ihre komfortable Handhabung und einfache Reinigung.<\/p>\n","protected":false},"featured_media":5451,"comment_status":"closed","ping_status":"closed","template":"","meta":[],"product_brand":[],"product_cat":[120],"product_tag":[],"class_list":{"0":"post-5471","1":"product","2":"type-product","3":"status-publish","4":"has-post-thumbnail","6":"product_cat-kitchen-tools","8":"first","9":"instock","10":"sale","11":"taxable","12":"shipping-taxable","13":"purchasable","14":"product-type-simple"},"composite_virtual":false,"composite_layout":"","composite_add_to_cart_form_location":"","composite_editable_in_cart":false,"composite_sold_individually_context":"","composite_shop_price_calc":"","composite_components":[],"composite_scenarios":[],"_links":{"self":[{"href":"https:\/\/sevokitchen.com\/de\/wp-json\/wp\/v2\/product\/5471","targetHints":{"allow":["GET"]}}],"collection":[{"href":"https:\/\/sevokitchen.com\/de\/wp-json\/wp\/v2\/product"}],"about":[{"href":"https:\/\/sevokitchen.com\/de\/wp-json\/wp\/v2\/types\/product"}],"replies":[{"embeddable":true,"href":"https:\/\/sevokitchen.com\/de\/wp-json\/wp\/v2\/comments?post=5471"}],"wp:featuredmedia":[{"embeddable":true,"href":"https:\/\/sevokitchen.com\/de\/wp-json\/wp\/v2\/media\/5451"}],"wp:attachment":[{"href":"https:\/\/sevokitchen.com\/de\/wp-json\/wp\/v2\/media?parent=5471"}],"wp:term":[{"taxonomy":"product_brand","embeddable":true,"href":"https:\/\/sevokitchen.com\/de\/wp-json\/wp\/v2\/product_brand?post=5471"},{"taxonomy":"product_cat","embeddable":true,"href":"https:\/\/sevokitchen.com\/de\/wp-json\/wp\/v2\/product_cat?post=5471"},{"taxonomy":"product_tag","embeddable":true,"href":"https:\/\/sevokitchen.com\/de\/wp-json\/wp\/v2\/product_tag?post=5471"}],"curies":[{"name":"wp","href":"https:\/\/api.w.org\/{rel}","templated":true}]}}