{"id":5469,"date":"2026-03-30T14:25:29","date_gmt":"2026-03-30T13:25:29","guid":{"rendered":"https:\/\/sevokitchen.com\/product\/%d9%85%d9%82%d9%84%d8%a7%d8%a9-%d8%a7%d9%84%d8%b4%d9%8a%d9%81-%d8%a7%d9%84%d8%a7%d8%ad%d8%aa%d8%b1%d8%a7%d9%81%d9%8a%d8%a9\/"},"modified":"2026-03-30T14:53:03","modified_gmt":"2026-03-30T13:53:03","slug":"professionelle-chefpfanne","status":"publish","type":"product","link":"https:\/\/sevokitchen.com\/de\/product\/professionelle-chefpfanne\/","title":{"rendered":"Professionelle Chefpfanne"},"content":{"rendered":"<p>Eine professionelle Chefpfanne aus emailliertem Gusseisen, die f\u00fcr eine gleichm\u00e4\u00dfige W\u00e4rmeverteilung und perfekte Ergebnisse bei jedem Gebrauch sorgt.<br \/>\nEgal, ob Sie Steak, H\u00e4hnchen mit Sauce oder allt\u00e4gliche Gerichte zubereiten \u2013 diese Pfanne verleiht Ihren Speisen einen reichen Geschmack und ein ausgewogenes Kochergebnis wie in professionellen K\u00fcchen.<\/p>\n<p> Gewicht: 2,46 kg <br \/> Fassungsverm\u00f6gen: 2,1 Liter \/ 26 cm<\/p>\n","protected":false},"excerpt":{"rendered":"<p>Eine professionelle Chefpfanne aus emailliertem Gusseisen, die f\u00fcr eine gleichm\u00e4\u00dfige W\u00e4rmeverteilung und perfekte Ergebnisse bei jedem Gebrauch sorgt.<br \/>\nEgal, ob Sie Steak, H\u00e4hnchen mit Sauce oder allt\u00e4gliche Gerichte zubereiten \u2013 diese Pfanne verleiht Ihren Speisen einen reichen Geschmack und ein ausgewogenes Kochergebnis wie in professionellen K\u00fcchen.<\/p>\n","protected":false},"featured_media":5446,"comment_status":"closed","ping_status":"closed","template":"","meta":[],"product_brand":[],"product_cat":[120],"product_tag":[],"class_list":{"0":"post-5469","1":"product","2":"type-product","3":"status-publish","4":"has-post-thumbnail","6":"product_cat-kitchen-tools","8":"first","9":"instock","10":"sale","11":"taxable","12":"shipping-taxable","13":"purchasable","14":"product-type-simple"},"composite_virtual":false,"composite_layout":"","composite_add_to_cart_form_location":"","composite_editable_in_cart":false,"composite_sold_individually_context":"","composite_shop_price_calc":"","composite_components":[],"composite_scenarios":[],"_links":{"self":[{"href":"https:\/\/sevokitchen.com\/de\/wp-json\/wp\/v2\/product\/5469","targetHints":{"allow":["GET"]}}],"collection":[{"href":"https:\/\/sevokitchen.com\/de\/wp-json\/wp\/v2\/product"}],"about":[{"href":"https:\/\/sevokitchen.com\/de\/wp-json\/wp\/v2\/types\/product"}],"replies":[{"embeddable":true,"href":"https:\/\/sevokitchen.com\/de\/wp-json\/wp\/v2\/comments?post=5469"}],"wp:featuredmedia":[{"embeddable":true,"href":"https:\/\/sevokitchen.com\/de\/wp-json\/wp\/v2\/media\/5446"}],"wp:attachment":[{"href":"https:\/\/sevokitchen.com\/de\/wp-json\/wp\/v2\/media?parent=5469"}],"wp:term":[{"taxonomy":"product_brand","embeddable":true,"href":"https:\/\/sevokitchen.com\/de\/wp-json\/wp\/v2\/product_brand?post=5469"},{"taxonomy":"product_cat","embeddable":true,"href":"https:\/\/sevokitchen.com\/de\/wp-json\/wp\/v2\/product_cat?post=5469"},{"taxonomy":"product_tag","embeddable":true,"href":"https:\/\/sevokitchen.com\/de\/wp-json\/wp\/v2\/product_tag?post=5469"}],"curies":[{"name":"wp","href":"https:\/\/api.w.org\/{rel}","templated":true}]}}