{"id":4652,"date":"2026-01-28T18:37:44","date_gmt":"2026-01-28T17:37:44","guid":{"rendered":"https:\/\/sevokitchen.com\/?post_type=product&#038;p=4652"},"modified":"2026-01-28T18:37:44","modified_gmt":"2026-01-28T17:37:44","slug":"grosser-ramadan-halbmond-keramikteller-mit-goldrand","status":"publish","type":"product","link":"https:\/\/sevokitchen.com\/de\/product\/grosser-ramadan-halbmond-keramikteller-mit-goldrand\/","title":{"rendered":"Gro\u00dfer Ramadan Halbmond Keramikteller mit Goldrand"},"content":{"rendered":"<p data-start=\"2301\" data-end=\"2479\">Feiern Sie Ramadan mit noch mehr Pr\u00e4senz und Eleganz mit diesem gro\u00dfen halbmondf\u00f6rmigen Keramikteller aus hochwertiger Keramik, inspiriert von der Atmosph\u00e4re des heiligen Monats.<\/p>\n<p data-start=\"2481\" data-end=\"2685\">Der Teller \u00fcberzeugt durch seinen edlen Elfenbeinton, gl\u00e4nzende Goldr\u00e4nder und feine arabische Verzierungen. Er verleiht Ihrem Iftar- oder Suhoor-Tisch eine besonders stilvolle und festliche Ausstrahlung.<\/p>\n<p data-start=\"2687\" data-end=\"2934\">Mit einer gro\u00dfz\u00fcgigen Gr\u00f6\u00dfe von ca. 26\u201327 cm eignet er sich ideal zum Servieren gr\u00f6\u00dferer Mengen von Datteln, N\u00fcssen, Schokolade oder traditionellen Ramadan-S\u00fc\u00dfigkeiten. Ebenso ist er perfekt als dekoratives Mittelpunkt-Element Ihrer Ramadan-Tafel.<\/p>\n","protected":false},"excerpt":{"rendered":"<p>Feiern Sie Ramadan mit noch mehr Pr\u00e4senz und Eleganz mit diesem gro\u00dfen halbmondf\u00f6rmigen Keramikteller aus hochwertiger Keramik, inspiriert von der Atmosph\u00e4re des heiligen Monats. Der Teller \u00fcberzeugt durch seinen edlen Elfenbeinton, gl\u00e4nzende Goldr\u00e4nder und feine arabische Verzierungen. Er verleiht Ihrem Iftar- oder Suhoor-Tisch eine besonders stilvolle und festliche Ausstrahlung. Mit einer gro\u00dfz\u00fcgigen Gr\u00f6\u00dfe von ca. [&hellip;]<\/p>\n","protected":false},"featured_media":4648,"comment_status":"closed","ping_status":"closed","template":"","meta":[],"product_brand":[],"product_cat":[156],"product_tag":[],"class_list":{"0":"post-4652","1":"product","2":"type-product","3":"status-publish","4":"has-post-thumbnail","6":"product_cat-ramadan-2026","8":"first","9":"instock","10":"taxable","11":"shipping-taxable","12":"purchasable","13":"product-type-simple"},"composite_virtual":false,"composite_layout":"","composite_add_to_cart_form_location":"","composite_editable_in_cart":false,"composite_sold_individually_context":"","composite_shop_price_calc":"","composite_components":[],"composite_scenarios":[],"_links":{"self":[{"href":"https:\/\/sevokitchen.com\/de\/wp-json\/wp\/v2\/product\/4652","targetHints":{"allow":["GET"]}}],"collection":[{"href":"https:\/\/sevokitchen.com\/de\/wp-json\/wp\/v2\/product"}],"about":[{"href":"https:\/\/sevokitchen.com\/de\/wp-json\/wp\/v2\/types\/product"}],"replies":[{"embeddable":true,"href":"https:\/\/sevokitchen.com\/de\/wp-json\/wp\/v2\/comments?post=4652"}],"wp:featuredmedia":[{"embeddable":true,"href":"https:\/\/sevokitchen.com\/de\/wp-json\/wp\/v2\/media\/4648"}],"wp:attachment":[{"href":"https:\/\/sevokitchen.com\/de\/wp-json\/wp\/v2\/media?parent=4652"}],"wp:term":[{"taxonomy":"product_brand","embeddable":true,"href":"https:\/\/sevokitchen.com\/de\/wp-json\/wp\/v2\/product_brand?post=4652"},{"taxonomy":"product_cat","embeddable":true,"href":"https:\/\/sevokitchen.com\/de\/wp-json\/wp\/v2\/product_cat?post=4652"},{"taxonomy":"product_tag","embeddable":true,"href":"https:\/\/sevokitchen.com\/de\/wp-json\/wp\/v2\/product_tag?post=4652"}],"curies":[{"name":"wp","href":"https:\/\/api.w.org\/{rel}","templated":true}]}}