{"id":3902,"date":"2025-12-07T09:12:34","date_gmt":"2025-12-07T08:12:34","guid":{"rendered":"https:\/\/sevokitchen.com\/product\/novera-white-coffee-cups-set\/"},"modified":"2026-01-16T14:26:39","modified_gmt":"2026-01-16T13:26:39","slug":"novera-weisses-kaffeetassen-set","status":"publish","type":"product","link":"https:\/\/sevokitchen.com\/de\/product\/novera-weisses-kaffeetassen-set\/","title":{"rendered":"Novera Wei\u00dfes Kaffeetassen-Set"},"content":{"rendered":"<p data-start=\"74\" data-end=\"426\">Das <strong data-start=\"78\" data-end=\"111\">Novera White Kaffeetassen-Set<\/strong> besteht aus 6 elegant gestalteten Kaffeetassen, die eine harmonische Verbindung aus Schlichtheit und Luxus bieten. Jede Tasse pr\u00e4sentiert sich in reinem Wei\u00df mit gl\u00e4nzenden goldenen Akzenten sowie einem doppellagigen, ineinandergreifenden Henkel, der ihr ein einzigartiges und stilvolles Erscheinungsbild verleiht.<\/p>\n<p data-start=\"428\" data-end=\"525\" data-is-last-node=\"\" data-is-only-node=\"\">Ideal zum Servieren von arabischem oder t\u00fcrkischem Kaffee mit einem modernen und eleganten Touch.<\/p>\n","protected":false},"excerpt":{"rendered":"<p>Das Novera White Kaffeetassen-Set besteht aus 6 elegant gestalteten Kaffeetassen, die eine harmonische Verbindung aus Schlichtheit und Luxus bieten. Jede Tasse pr\u00e4sentiert sich in reinem Wei\u00df mit gl\u00e4nzenden goldenen Akzenten sowie einem doppellagigen, ineinandergreifenden Henkel, der ihr ein einzigartiges und stilvolles Erscheinungsbild verleiht. Ideal zum Servieren von arabischem oder t\u00fcrkischem Kaffee mit einem modernen und [&hellip;]<\/p>\n","protected":false},"featured_media":3872,"comment_status":"closed","ping_status":"closed","template":"","meta":[],"product_brand":[],"product_cat":[118,167,119],"product_tag":[],"class_list":{"0":"post-3902","1":"product","2":"type-product","3":"status-publish","4":"has-post-thumbnail","6":"product_cat-coffee-equipment","7":"product_cat-offers","8":"product_cat-sevo","10":"first","11":"instock","12":"sale","13":"taxable","14":"shipping-taxable","15":"purchasable","16":"product-type-simple"},"composite_virtual":false,"composite_layout":"","composite_add_to_cart_form_location":"","composite_editable_in_cart":false,"composite_sold_individually_context":"","composite_shop_price_calc":"","composite_components":[],"composite_scenarios":[],"_links":{"self":[{"href":"https:\/\/sevokitchen.com\/de\/wp-json\/wp\/v2\/product\/3902","targetHints":{"allow":["GET"]}}],"collection":[{"href":"https:\/\/sevokitchen.com\/de\/wp-json\/wp\/v2\/product"}],"about":[{"href":"https:\/\/sevokitchen.com\/de\/wp-json\/wp\/v2\/types\/product"}],"replies":[{"embeddable":true,"href":"https:\/\/sevokitchen.com\/de\/wp-json\/wp\/v2\/comments?post=3902"}],"wp:featuredmedia":[{"embeddable":true,"href":"https:\/\/sevokitchen.com\/de\/wp-json\/wp\/v2\/media\/3872"}],"wp:attachment":[{"href":"https:\/\/sevokitchen.com\/de\/wp-json\/wp\/v2\/media?parent=3902"}],"wp:term":[{"taxonomy":"product_brand","embeddable":true,"href":"https:\/\/sevokitchen.com\/de\/wp-json\/wp\/v2\/product_brand?post=3902"},{"taxonomy":"product_cat","embeddable":true,"href":"https:\/\/sevokitchen.com\/de\/wp-json\/wp\/v2\/product_cat?post=3902"},{"taxonomy":"product_tag","embeddable":true,"href":"https:\/\/sevokitchen.com\/de\/wp-json\/wp\/v2\/product_tag?post=3902"}],"curies":[{"name":"wp","href":"https:\/\/api.w.org\/{rel}","templated":true}]}}