{"id":3198,"date":"2025-12-07T09:17:58","date_gmt":"2025-12-07T09:17:58","guid":{"rendered":"https:\/\/sevokitchen.com\/product\/lumira-silver-tea-set\/"},"modified":"2026-01-16T14:26:38","modified_gmt":"2026-01-16T13:26:38","slug":"lumira-silver-tea-set","status":"publish","type":"product","link":"https:\/\/sevokitchen.com\/de\/product\/lumira-silver-tea-set\/","title":{"rendered":"Lumira Silver Teeservice"},"content":{"rendered":"<p data-start=\"609\" data-end=\"916\">Das Lumira Silver Teeservice ist eine luxuri\u00f6se Kollektion mit <strong data-start=\"699\" data-end=\"737\">sechs Teegl\u00e4sern mit Silbergravur<\/strong> und passenden Untertassen, entworfen f\u00fcr eine exquisite und elegante Servierkultur.<br data-start=\"819\" data-end=\"822\" \/>Das Set beinhaltet zudem eine <strong data-start=\"846\" data-end=\"872\">passende Zuckerdose<\/strong>, die die anspruchsvolle Pr\u00e4sentation perfekt abrundet.<\/p>\n<p data-start=\"918\" data-end=\"1076\">Mit seiner Kombination aus klarem Glas und schimmernden Silberdetails ist dieses Set ideal f\u00fcr besondere Anl\u00e4sse oder um der t\u00e4glichen Teestunde einen Hauch von Eleganz zu verleihen.<\/p>\n","protected":false},"excerpt":{"rendered":"<p>Das Lumira Silver Teeservice ist eine luxuri\u00f6se Kollektion mit sechs Teegl\u00e4sern mit Silbergravur und passenden Untertassen, entworfen f\u00fcr eine exquisite und elegante Servierkultur.Das Set beinhaltet zudem eine passende Zuckerdose, die die anspruchsvolle Pr\u00e4sentation perfekt abrundet. Mit seiner Kombination aus klarem Glas und schimmernden Silberdetails ist dieses Set ideal f\u00fcr besondere Anl\u00e4sse oder um der t\u00e4glichen [&hellip;]<\/p>\n","protected":false},"featured_media":3181,"comment_status":"closed","ping_status":"closed","template":"","meta":[],"product_brand":[],"product_cat":[119,121],"product_tag":[],"class_list":{"0":"post-3198","1":"product","2":"type-product","3":"status-publish","4":"has-post-thumbnail","6":"product_cat-sevo","7":"product_cat-tea-equipment","9":"first","10":"instock","11":"taxable","12":"shipping-taxable","13":"purchasable","14":"product-type-simple"},"composite_virtual":false,"composite_layout":"","composite_add_to_cart_form_location":"","composite_editable_in_cart":false,"composite_sold_individually_context":"","composite_shop_price_calc":"","composite_components":[],"composite_scenarios":[],"_links":{"self":[{"href":"https:\/\/sevokitchen.com\/de\/wp-json\/wp\/v2\/product\/3198","targetHints":{"allow":["GET"]}}],"collection":[{"href":"https:\/\/sevokitchen.com\/de\/wp-json\/wp\/v2\/product"}],"about":[{"href":"https:\/\/sevokitchen.com\/de\/wp-json\/wp\/v2\/types\/product"}],"replies":[{"embeddable":true,"href":"https:\/\/sevokitchen.com\/de\/wp-json\/wp\/v2\/comments?post=3198"}],"wp:featuredmedia":[{"embeddable":true,"href":"https:\/\/sevokitchen.com\/de\/wp-json\/wp\/v2\/media\/3181"}],"wp:attachment":[{"href":"https:\/\/sevokitchen.com\/de\/wp-json\/wp\/v2\/media?parent=3198"}],"wp:term":[{"taxonomy":"product_brand","embeddable":true,"href":"https:\/\/sevokitchen.com\/de\/wp-json\/wp\/v2\/product_brand?post=3198"},{"taxonomy":"product_cat","embeddable":true,"href":"https:\/\/sevokitchen.com\/de\/wp-json\/wp\/v2\/product_cat?post=3198"},{"taxonomy":"product_tag","embeddable":true,"href":"https:\/\/sevokitchen.com\/de\/wp-json\/wp\/v2\/product_tag?post=3198"}],"curies":[{"name":"wp","href":"https:\/\/api.w.org\/{rel}","templated":true}]}}