{"id":3194,"date":"2025-12-08T07:15:28","date_gmt":"2025-12-08T07:15:28","guid":{"rendered":"https:\/\/sevokitchen.com\/product\/colora-coffee-cups-set\/"},"modified":"2026-01-16T14:26:39","modified_gmt":"2026-01-16T13:26:39","slug":"colora-coffee-cups-set","status":"publish","type":"product","link":"https:\/\/sevokitchen.com\/de\/product\/colora-coffee-cups-set\/","title":{"rendered":"Colora Mokkatassen-Set"},"content":{"rendered":"<p data-start=\"55\" data-end=\"81\"><b class=\"\" data-path-to-node=\"3\" data-index-in-node=\"35\">Exklusiv f\u00fcr Sevo<\/b><\/p>\n<p data-path-to-node=\"4\"><span class=\"\">Das Colora-Set besteht aus <strong>6 Tassen und 6 Untertassen<\/strong> und verbindet praktisches Design mit purer Lebensfreude.<\/span><span class=\"\">\u00a0Der Clou dieses Designs:<\/span><span class=\"\">\u00a0Jede Tasse besitzt einen Henkel in einer anderen Farbe,<\/span><span class=\"\">\u00a0der perfekt mit einem feinen Farbakzent auf der zugeh\u00f6rigen Untertasse harmoniert.<\/span><\/p>\n<p data-start=\"661\" data-end=\"934\"><span class=\"\">So entstehen sechs einzigartige Farbkombinationen,<\/span><span class=\"\">\u00a0die nicht nur f\u00fcr ein elegantes und aufger\u00e4umtes Bild auf dem Tisch sorgen,<\/span><span class=\"\">\u00a0sondern auch Verwechslungen ausschlie\u00dfen \u2013 jede Tasse ist ein Unikat.<\/span><span class=\"\">\u00a0Ein stilvolles Set,<\/span><span class=\"\">\u00a0ideal f\u00fcr den t\u00e4glichen Genuss von arabischem oder t\u00fcrkischem Kaffee mit einer modernen,<\/span><span class=\"\">\u00a0verspielten Note.<\/span><\/p>\n<p data-start=\"936\" data-end=\"1147\">This design adds a neat and elegant look to the table while making it easy to distinguish each cup.<br data-start=\"1035\" data-end=\"1038\" \/><\/p>\n","protected":false},"excerpt":{"rendered":"<p>Exklusiv f\u00fcr Sevo Das Colora-Set besteht aus 6 Tassen und 6 Untertassen und verbindet praktisches Design mit purer Lebensfreude.\u00a0Der Clou dieses Designs:\u00a0Jede Tasse besitzt einen Henkel in einer anderen Farbe,\u00a0der perfekt mit einem feinen Farbakzent auf der zugeh\u00f6rigen Untertasse harmoniert. So entstehen sechs einzigartige Farbkombinationen,\u00a0die nicht nur f\u00fcr ein elegantes und aufger\u00e4umtes Bild auf dem [&hellip;]<\/p>\n","protected":false},"featured_media":3166,"comment_status":"closed","ping_status":"closed","template":"","meta":[],"product_brand":[],"product_cat":[118,119],"product_tag":[],"class_list":{"0":"post-3194","1":"product","2":"type-product","3":"status-publish","4":"has-post-thumbnail","6":"product_cat-coffee-equipment","7":"product_cat-sevo","9":"first","10":"instock","11":"taxable","12":"shipping-taxable","13":"purchasable","14":"product-type-simple"},"composite_virtual":false,"composite_layout":"","composite_add_to_cart_form_location":"","composite_editable_in_cart":false,"composite_sold_individually_context":"","composite_shop_price_calc":"","composite_components":[],"composite_scenarios":[],"_links":{"self":[{"href":"https:\/\/sevokitchen.com\/de\/wp-json\/wp\/v2\/product\/3194","targetHints":{"allow":["GET"]}}],"collection":[{"href":"https:\/\/sevokitchen.com\/de\/wp-json\/wp\/v2\/product"}],"about":[{"href":"https:\/\/sevokitchen.com\/de\/wp-json\/wp\/v2\/types\/product"}],"replies":[{"embeddable":true,"href":"https:\/\/sevokitchen.com\/de\/wp-json\/wp\/v2\/comments?post=3194"}],"wp:featuredmedia":[{"embeddable":true,"href":"https:\/\/sevokitchen.com\/de\/wp-json\/wp\/v2\/media\/3166"}],"wp:attachment":[{"href":"https:\/\/sevokitchen.com\/de\/wp-json\/wp\/v2\/media?parent=3194"}],"wp:term":[{"taxonomy":"product_brand","embeddable":true,"href":"https:\/\/sevokitchen.com\/de\/wp-json\/wp\/v2\/product_brand?post=3194"},{"taxonomy":"product_cat","embeddable":true,"href":"https:\/\/sevokitchen.com\/de\/wp-json\/wp\/v2\/product_cat?post=3194"},{"taxonomy":"product_tag","embeddable":true,"href":"https:\/\/sevokitchen.com\/de\/wp-json\/wp\/v2\/product_tag?post=3194"}],"curies":[{"name":"wp","href":"https:\/\/api.w.org\/{rel}","templated":true}]}}